{"id":2490,"date":"2022-05-09T19:21:32","date_gmt":"2022-05-09T19:21:32","guid":{"rendered":"https:\/\/ludact.com\/energia-em-jogo\/"},"modified":"2022-05-09T20:37:58","modified_gmt":"2022-05-09T20:37:58","slug":"energia-em-jogo","status":"publish","type":"page","link":"https:\/\/ludact.com\/pt-br\/energia-em-jogo\/","title":{"rendered":"ENERGIA EM JOGO"},"content":{"rendered":"\t\t<div data-elementor-type=\"wp-page\" data-elementor-id=\"2490\" class=\"elementor elementor-2490 elementor-2375\" data-elementor-post-type=\"page\">\n\t\t\t\t\t\t<section class=\"elementor-section elementor-top-section elementor-element elementor-element-1b14055 elementor-section-full_width elementor-section-height-default elementor-section-height-default\" data-id=\"1b14055\" data-element_type=\"section\" data-e-type=\"section\" data-settings=\"{&quot;background_background&quot;:&quot;classic&quot;}\">\n\t\t\t\t\t\t<div class=\"elementor-container elementor-column-gap-default\">\n\t\t\t\t\t<div class=\"elementor-column elementor-col-100 elementor-top-column elementor-element elementor-element-4e3967c\" data-id=\"4e3967c\" data-element_type=\"column\" data-e-type=\"column\">\n\t\t\t<div class=\"elementor-widget-wrap\">\n\t\t\t\t\t\t\t<\/div>\n\t\t<\/div>\n\t\t\t\t\t<\/div>\n\t\t<\/section>\n\t\t\t\t<section class=\"elementor-section elementor-top-section elementor-element elementor-element-97ec406 elementor-section-full_width elementor-section-height-default elementor-section-height-default\" data-id=\"97ec406\" data-element_type=\"section\" data-e-type=\"section\" data-settings=\"{&quot;background_background&quot;:&quot;classic&quot;}\">\n\t\t\t\t\t\t<div class=\"elementor-container elementor-column-gap-default\">\n\t\t\t\t\t<div class=\"elementor-column elementor-col-100 elementor-top-column elementor-element elementor-element-ff1c88b\" data-id=\"ff1c88b\" data-element_type=\"column\" data-e-type=\"column\">\n\t\t\t<div class=\"elementor-widget-wrap elementor-element-populated\">\n\t\t\t\t\t\t<div class=\"elementor-element elementor-element-3f2f170 elementor-widget elementor-widget-heading\" data-id=\"3f2f170\" data-element_type=\"widget\" data-e-type=\"widget\" data-widget_type=\"heading.default\">\n\t\t\t\t<div class=\"elementor-widget-container\">\n\t\t\t\t\t<h2 class=\"elementor-heading-title elementor-size-default\">EFICI\u00caNCIA ENERG\u00c9TICA ATRAV\u00c9S DE GAMES<\/h2>\t\t\t\t<\/div>\n\t\t\t\t<\/div>\n\t\t\t\t\t<\/div>\n\t\t<\/div>\n\t\t\t\t\t<\/div>\n\t\t<\/section>\n\t\t\t\t<section class=\"elementor-section elementor-top-section elementor-element elementor-element-9fd48e0 elementor-section-boxed elementor-section-height-default elementor-section-height-default\" data-id=\"9fd48e0\" data-element_type=\"section\" data-e-type=\"section\" data-settings=\"{&quot;background_background&quot;:&quot;classic&quot;}\">\n\t\t\t\t\t\t<div class=\"elementor-container elementor-column-gap-default\">\n\t\t\t\t\t<div class=\"elementor-column elementor-col-50 elementor-top-column elementor-element elementor-element-9570036\" data-id=\"9570036\" data-element_type=\"column\" data-e-type=\"column\">\n\t\t\t<div class=\"elementor-widget-wrap elementor-element-populated\">\n\t\t\t\t\t\t<div class=\"elementor-element elementor-element-4d1650f elementor-widget elementor-widget-video\" data-id=\"4d1650f\" data-element_type=\"widget\" data-e-type=\"widget\" data-settings=\"{&quot;youtube_url&quot;:&quot;https:\\\/\\\/youtu.be\\\/CZlreSPQmf4&quot;,&quot;video_type&quot;:&quot;youtube&quot;,&quot;controls&quot;:&quot;yes&quot;}\" data-widget_type=\"video.default\">\n\t\t\t\t<div class=\"elementor-widget-container\">\n\t\t\t\t\t\t\t<div class=\"elementor-wrapper elementor-open-inline\">\n\t\t\t<div class=\"elementor-video\"><\/div>\t\t<\/div>\n\t\t\t\t\t\t<\/div>\n\t\t\t\t<\/div>\n\t\t\t\t<div class=\"elementor-element elementor-element-a46944f elementor-widget elementor-widget-heading\" data-id=\"a46944f\" data-element_type=\"widget\" data-e-type=\"widget\" data-widget_type=\"heading.default\">\n\t\t\t\t<div class=\"elementor-widget-container\">\n\t\t\t\t\t<h2 class=\"elementor-heading-title elementor-size-default\">Cliente: CPFL e LaFabbrica | G\u00eanero: Cole\u00e7\u00e3o | Ano: 2019<\/h2>\t\t\t\t<\/div>\n\t\t\t\t<\/div>\n\t\t\t\t\t<\/div>\n\t\t<\/div>\n\t\t\t\t<div class=\"elementor-column elementor-col-50 elementor-top-column elementor-element elementor-element-346ce86\" data-id=\"346ce86\" data-element_type=\"column\" data-e-type=\"column\">\n\t\t\t<div class=\"elementor-widget-wrap elementor-element-populated\">\n\t\t\t\t\t\t<div class=\"elementor-element elementor-element-c549f0d elementor-widget elementor-widget-heading\" data-id=\"c549f0d\" data-element_type=\"widget\" data-e-type=\"widget\" data-widget_type=\"heading.default\">\n\t\t\t\t<div class=\"elementor-widget-container\">\n\t\t\t\t\t<h2 class=\"elementor-heading-title elementor-size-default\">UMA ABORDAGEM L\u00daDICA SOBRE SUSTENTABILIDADE<\/h2>\t\t\t\t<\/div>\n\t\t\t\t<\/div>\n\t\t\t\t<div class=\"elementor-element elementor-element-82b4058 elementor-widget elementor-widget-text-editor\" data-id=\"82b4058\" data-element_type=\"widget\" data-e-type=\"widget\" data-widget_type=\"text-editor.default\">\n\t\t\t\t<div class=\"elementor-widget-container\">\n\t\t\t\t\t\t\t\t\t<p><span data-sheets-value=\"{&quot;1&quot;:2,&quot;2&quot;:&quot;CPFL nas Escolas \u2013 Energia em Jogo \u00e9 uma a\u00e7\u00e3o educativa realizada em escolas do estado de S\u00e3o Paulo que difunde uma cultura de efici\u00eancia energ\u00e9tica e desenvolvimento sustent\u00e1vel, promovendo a mudan\u00e7a de h\u00e1bitos de consumo de energia de alunos, educadores e fam\u00edlias.\\n\\nProfessores e estudantes s\u00e3o convidados a explorar o mundo da energia a partir de sete opera\u00e7\u00f5es intelectuais indispens\u00e1veis \u00e0 produ\u00e7\u00e3o de conhecimento cient\u00edfico: observar, definir, classificar, generalizar, aplicar, questionar e verificar.&quot;}\" data-sheets-userformat=\"{&quot;2&quot;:13247,&quot;3&quot;:{&quot;1&quot;:0},&quot;4&quot;:{&quot;1&quot;:2,&quot;2&quot;:15724527},&quot;5&quot;:{&quot;1&quot;:[{&quot;1&quot;:2,&quot;2&quot;:0,&quot;5&quot;:{&quot;1&quot;:2,&quot;2&quot;:16777215}},{&quot;1&quot;:0,&quot;2&quot;:0,&quot;3&quot;:3},{&quot;1&quot;:1,&quot;2&quot;:0,&quot;4&quot;:1}]},&quot;6&quot;:{&quot;1&quot;:[{&quot;1&quot;:2,&quot;2&quot;:0,&quot;5&quot;:{&quot;1&quot;:2,&quot;2&quot;:16777215}},{&quot;1&quot;:0,&quot;2&quot;:0,&quot;3&quot;:3},{&quot;1&quot;:1,&quot;2&quot;:0,&quot;4&quot;:1}]},&quot;7&quot;:{&quot;1&quot;:[{&quot;1&quot;:2,&quot;2&quot;:0,&quot;5&quot;:{&quot;1&quot;:2,&quot;2&quot;:16777215}},{&quot;1&quot;:0,&quot;2&quot;:0,&quot;3&quot;:3},{&quot;1&quot;:1,&quot;2&quot;:0,&quot;4&quot;:1}]},&quot;8&quot;:{&quot;1&quot;:[{&quot;1&quot;:2,&quot;2&quot;:0,&quot;5&quot;:{&quot;1&quot;:2,&quot;2&quot;:16777215}},{&quot;1&quot;:0,&quot;2&quot;:0,&quot;3&quot;:3},{&quot;1&quot;:1,&quot;2&quot;:0,&quot;4&quot;:1}]},&quot;10&quot;:1,&quot;11&quot;:4,&quot;12&quot;:0,&quot;15&quot;:&quot;Lato&quot;,&quot;16&quot;:12}\">CPFL nas Escolas \u2013 Energia em Jogo \u00e9 uma a\u00e7\u00e3o educativa realizada em escolas do estado de S\u00e3o Paulo que difunde uma cultura de efici\u00eancia energ\u00e9tica e desenvolvimento sustent\u00e1vel, promovendo a mudan\u00e7a de h\u00e1bitos de consumo de energia de alunos, educadores e fam\u00edlias.<br \/><br \/>Professores e estudantes s\u00e3o convidados a explorar o mundo da energia a partir de sete opera\u00e7\u00f5es intelectuais indispens\u00e1veis \u00e0 produ\u00e7\u00e3o de conhecimento cient\u00edfico: observar, definir, classificar, generalizar, aplicar, questionar e verificar.<\/span><\/p>\t\t\t\t\t\t\t\t<\/div>\n\t\t\t\t<\/div>\n\t\t\t\t<div class=\"elementor-element elementor-element-a4457bd elementor-align-left elementor-mobile-align-center elementor-tablet-align-left elementor-hidden-desktop elementor-hidden-tablet elementor-hidden-mobile elementor-widget elementor-widget-button\" data-id=\"a4457bd\" data-element_type=\"widget\" data-e-type=\"widget\" data-widget_type=\"button.default\">\n\t\t\t\t<div class=\"elementor-widget-container\">\n\t\t\t\t\t\t\t\t\t<div class=\"elementor-button-wrapper\">\n\t\t\t\t\t<a class=\"elementor-button elementor-button-link elementor-size-lg\" href=\"#\">\n\t\t\t\t\t\t<span class=\"elementor-button-content-wrapper\">\n\t\t\t\t\t\t\t\t\t<span class=\"elementor-button-text\">PLAY THE GAME<\/span>\n\t\t\t\t\t<\/span>\n\t\t\t\t\t<\/a>\n\t\t\t\t<\/div>\n\t\t\t\t\t\t\t\t<\/div>\n\t\t\t\t<\/div>\n\t\t\t\t\t<\/div>\n\t\t<\/div>\n\t\t\t\t\t<\/div>\n\t\t<\/section>\n\t\t\t\t<section class=\"elementor-section elementor-top-section elementor-element elementor-element-0041055 elementor-section-full_width elementor-section-height-default elementor-section-height-default\" data-id=\"0041055\" data-element_type=\"section\" data-e-type=\"section\" data-settings=\"{&quot;background_background&quot;:&quot;classic&quot;}\">\n\t\t\t\t\t\t<div class=\"elementor-container elementor-column-gap-default\">\n\t\t\t\t\t<div class=\"elementor-column elementor-col-100 elementor-top-column elementor-element elementor-element-f564214\" data-id=\"f564214\" data-element_type=\"column\" data-e-type=\"column\">\n\t\t\t<div class=\"elementor-widget-wrap elementor-element-populated\">\n\t\t\t\t\t\t<div class=\"elementor-element elementor-element-56043f5 elementor-arrows-position-inside elementor-widget elementor-widget-image-carousel\" data-id=\"56043f5\" data-element_type=\"widget\" data-e-type=\"widget\" data-settings=\"{&quot;slides_to_show&quot;:&quot;3&quot;,&quot;slides_to_scroll&quot;:&quot;3&quot;,&quot;navigation&quot;:&quot;arrows&quot;,&quot;autoplay&quot;:&quot;yes&quot;,&quot;pause_on_hover&quot;:&quot;yes&quot;,&quot;pause_on_interaction&quot;:&quot;yes&quot;,&quot;autoplay_speed&quot;:5000,&quot;infinite&quot;:&quot;yes&quot;,&quot;speed&quot;:500}\" data-widget_type=\"image-carousel.default\">\n\t\t\t\t<div class=\"elementor-widget-container\">\n\t\t\t\t\t\t\t<div class=\"elementor-image-carousel-wrapper swiper\" role=\"region\" aria-roledescription=\"carousel\" aria-label=\"Carrossel de imagens\" dir=\"ltr\">\n\t\t\t<div class=\"elementor-image-carousel swiper-wrapper\" aria-live=\"off\">\n\t\t\t\t\t\t\t\t<div class=\"swiper-slide\" role=\"group\" aria-roledescription=\"slide\" aria-label=\"1 de 6\"><figure class=\"swiper-slide-inner\"><img decoding=\"async\" class=\"swiper-slide-image\" src=\"https:\/\/ludact.com\/wp-content\/uploads\/sites\/7\/2021\/02\/50a04510-screen_1.jpg\" alt=\"50a04510-screen_1.jpg\" \/><\/figure><\/div><div class=\"swiper-slide\" role=\"group\" aria-roledescription=\"slide\" aria-label=\"2 de 6\"><figure class=\"swiper-slide-inner\"><img decoding=\"async\" class=\"swiper-slide-image\" src=\"https:\/\/ludact.com\/wp-content\/uploads\/sites\/7\/2021\/02\/15a1a4ee-screen_6.jpg\" alt=\"15a1a4ee-screen_6.jpg\" \/><\/figure><\/div><div class=\"swiper-slide\" role=\"group\" aria-roledescription=\"slide\" aria-label=\"3 de 6\"><figure class=\"swiper-slide-inner\"><img decoding=\"async\" class=\"swiper-slide-image\" src=\"https:\/\/ludact.com\/wp-content\/uploads\/sites\/7\/2021\/02\/496e3ab7-screen_5.jpg\" alt=\"496e3ab7-screen_5.jpg\" \/><\/figure><\/div><div class=\"swiper-slide\" role=\"group\" aria-roledescription=\"slide\" aria-label=\"4 de 6\"><figure class=\"swiper-slide-inner\"><img decoding=\"async\" class=\"swiper-slide-image\" src=\"https:\/\/ludact.com\/wp-content\/uploads\/sites\/7\/2021\/02\/1f25ab37-screen_4.jpg\" alt=\"1f25ab37-screen_4.jpg\" \/><\/figure><\/div><div class=\"swiper-slide\" role=\"group\" aria-roledescription=\"slide\" aria-label=\"5 de 6\"><figure class=\"swiper-slide-inner\"><img decoding=\"async\" class=\"swiper-slide-image\" src=\"https:\/\/ludact.com\/wp-content\/uploads\/sites\/7\/2021\/02\/830bf1a0-screen_3.jpg\" alt=\"830bf1a0-screen_3.jpg\" \/><\/figure><\/div><div class=\"swiper-slide\" role=\"group\" aria-roledescription=\"slide\" aria-label=\"6 de 6\"><figure class=\"swiper-slide-inner\"><img decoding=\"async\" class=\"swiper-slide-image\" src=\"https:\/\/ludact.com\/wp-content\/uploads\/sites\/7\/2021\/02\/7c3483e5-screen_2.jpg\" alt=\"7c3483e5-screen_2.jpg\" \/><\/figure><\/div>\t\t\t<\/div>\n\t\t\t\t\t\t\t\t\t\t\t\t<div class=\"elementor-swiper-button elementor-swiper-button-prev\" role=\"button\" tabindex=\"0\">\n\t\t\t\t\t\t<i aria-hidden=\"true\" class=\"eicon-chevron-left\"><\/i>\t\t\t\t\t<\/div>\n\t\t\t\t\t<div class=\"elementor-swiper-button elementor-swiper-button-next\" role=\"button\" tabindex=\"0\">\n\t\t\t\t\t\t<i aria-hidden=\"true\" class=\"eicon-chevron-right\"><\/i>\t\t\t\t\t<\/div>\n\t\t\t\t\n\t\t\t\t\t\t\t\t\t<\/div>\n\t\t\t\t\t\t<\/div>\n\t\t\t\t<\/div>\n\t\t\t\t\t<\/div>\n\t\t<\/div>\n\t\t\t\t\t<\/div>\n\t\t<\/section>\n\t\t\t\t<section class=\"elementor-section elementor-top-section elementor-element elementor-element-c11f991 elementor-section-boxed elementor-section-height-default elementor-section-height-default\" data-id=\"c11f991\" data-element_type=\"section\" data-e-type=\"section\">\n\t\t\t\t\t\t<div class=\"elementor-container elementor-column-gap-default\">\n\t\t\t\t\t<div class=\"elementor-column elementor-col-100 elementor-top-column elementor-element elementor-element-f40a27d\" data-id=\"f40a27d\" data-element_type=\"column\" data-e-type=\"column\">\n\t\t\t<div class=\"elementor-widget-wrap\">\n\t\t\t\t\t\t\t<\/div>\n\t\t<\/div>\n\t\t\t\t\t<\/div>\n\t\t<\/section>\n\t\t\t\t<\/div>\n\t\t","protected":false},"excerpt":{"rendered":"<p>EFICI\u00caNCIA ENERG\u00c9TICA ATRAV\u00c9S DE GAMES Cliente: CPFL e LaFabbrica | G\u00eanero: Cole\u00e7\u00e3o | Ano: 2019 UMA ABORDAGEM L\u00daDICA SOBRE SUSTENTABILIDADE CPFL nas Escolas \u2013 Energia em Jogo \u00e9 uma a\u00e7\u00e3o educativa realizada em escolas do estado de S\u00e3o Paulo que difunde uma cultura de efici\u00eancia energ\u00e9tica e desenvolvimento sustent\u00e1vel, promovendo a mudan\u00e7a de h\u00e1bitos de [&hellip;]<\/p>\n","protected":false},"author":3,"featured_media":0,"parent":0,"menu_order":0,"comment_status":"closed","ping_status":"closed","template":"elementor_header_footer","meta":{"footnotes":""},"class_list":["post-2490","page","type-page","status-publish","hentry"],"yoast_head":"<!-- This site is optimized with the Yoast SEO plugin v27.4 - https:\/\/yoast.com\/product\/yoast-seo-wordpress\/ -->\n<title>ENERGIA EM JOGO - Ludact \u2022 Games as way to delight and impact<\/title>\n<meta name=\"robots\" content=\"index, follow, max-snippet:-1, max-image-preview:large, max-video-preview:-1\" \/>\n<link rel=\"canonical\" href=\"https:\/\/ludact.com\/pt-br\/energia-em-jogo\/\" \/>\n<meta property=\"og:locale\" content=\"pt_BR\" \/>\n<meta property=\"og:type\" content=\"article\" \/>\n<meta property=\"og:title\" content=\"ENERGIA EM JOGO - Ludact \u2022 Games as way to delight and impact\" \/>\n<meta property=\"og:description\" content=\"EFICI\u00caNCIA ENERG\u00c9TICA ATRAV\u00c9S DE GAMES Cliente: CPFL e LaFabbrica | G\u00eanero: Cole\u00e7\u00e3o | Ano: 2019 UMA ABORDAGEM L\u00daDICA SOBRE SUSTENTABILIDADE CPFL nas Escolas \u2013 Energia em Jogo \u00e9 uma a\u00e7\u00e3o educativa realizada em escolas do estado de S\u00e3o Paulo que difunde uma cultura de efici\u00eancia energ\u00e9tica e desenvolvimento sustent\u00e1vel, promovendo a mudan\u00e7a de h\u00e1bitos de [&hellip;]\" \/>\n<meta property=\"og:url\" content=\"https:\/\/ludact.com\/pt-br\/energia-em-jogo\/\" \/>\n<meta property=\"og:site_name\" content=\"Ludact \u2022 Games as way to delight and impact\" \/>\n<meta property=\"article:modified_time\" content=\"2022-05-09T20:37:58+00:00\" \/>\n<meta property=\"og:image\" content=\"https:\/\/ludact.com\/wp-content\/uploads\/sites\/7\/2021\/02\/50a04510-screen_1.jpg\" \/>\n<meta name=\"twitter:card\" content=\"summary_large_image\" \/>\n<meta name=\"twitter:label1\" content=\"Est. tempo de leitura\" \/>\n\t<meta name=\"twitter:data1\" content=\"3 minutos\" \/>\n<script type=\"application\/ld+json\" class=\"yoast-schema-graph\">{\"@context\":\"https:\\\/\\\/schema.org\",\"@graph\":[{\"@type\":\"WebPage\",\"@id\":\"https:\\\/\\\/ludact.com\\\/pt-br\\\/energia-em-jogo\\\/\",\"url\":\"https:\\\/\\\/ludact.com\\\/pt-br\\\/energia-em-jogo\\\/\",\"name\":\"ENERGIA EM JOGO - Ludact \u2022 Games as way to delight and impact\",\"isPartOf\":{\"@id\":\"https:\\\/\\\/ludact.com\\\/#website\"},\"primaryImageOfPage\":{\"@id\":\"https:\\\/\\\/ludact.com\\\/pt-br\\\/energia-em-jogo\\\/#primaryimage\"},\"image\":{\"@id\":\"https:\\\/\\\/ludact.com\\\/pt-br\\\/energia-em-jogo\\\/#primaryimage\"},\"thumbnailUrl\":\"https:\\\/\\\/ludact.com\\\/wp-content\\\/uploads\\\/sites\\\/7\\\/2021\\\/02\\\/50a04510-screen_1.jpg\",\"datePublished\":\"2022-05-09T19:21:32+00:00\",\"dateModified\":\"2022-05-09T20:37:58+00:00\",\"breadcrumb\":{\"@id\":\"https:\\\/\\\/ludact.com\\\/pt-br\\\/energia-em-jogo\\\/#breadcrumb\"},\"inLanguage\":\"pt-BR\",\"potentialAction\":[{\"@type\":\"ReadAction\",\"target\":[\"https:\\\/\\\/ludact.com\\\/pt-br\\\/energia-em-jogo\\\/\"]}]},{\"@type\":\"ImageObject\",\"inLanguage\":\"pt-BR\",\"@id\":\"https:\\\/\\\/ludact.com\\\/pt-br\\\/energia-em-jogo\\\/#primaryimage\",\"url\":\"https:\\\/\\\/ludact.com\\\/wp-content\\\/uploads\\\/sites\\\/7\\\/2021\\\/02\\\/50a04510-screen_1.jpg\",\"contentUrl\":\"https:\\\/\\\/ludact.com\\\/wp-content\\\/uploads\\\/sites\\\/7\\\/2021\\\/02\\\/50a04510-screen_1.jpg\"},{\"@type\":\"BreadcrumbList\",\"@id\":\"https:\\\/\\\/ludact.com\\\/pt-br\\\/energia-em-jogo\\\/#breadcrumb\",\"itemListElement\":[{\"@type\":\"ListItem\",\"position\":1,\"name\":\"Home\",\"item\":\"https:\\\/\\\/ludact.com\\\/pt-br\\\/\"},{\"@type\":\"ListItem\",\"position\":2,\"name\":\"ENERGIA EM JOGO\"}]},{\"@type\":\"WebSite\",\"@id\":\"https:\\\/\\\/ludact.com\\\/#website\",\"url\":\"https:\\\/\\\/ludact.com\\\/\",\"name\":\"Ludact \u2022 Games as way to delight and impact\",\"description\":\"Ludact is a Brazilian full-service game development studio founded in 2005. We create games for learning, raise awareness and encourage change for players.\",\"publisher\":{\"@id\":\"https:\\\/\\\/ludact.com\\\/#organization\"},\"potentialAction\":[{\"@type\":\"SearchAction\",\"target\":{\"@type\":\"EntryPoint\",\"urlTemplate\":\"https:\\\/\\\/ludact.com\\\/?s={search_term_string}\"},\"query-input\":{\"@type\":\"PropertyValueSpecification\",\"valueRequired\":true,\"valueName\":\"search_term_string\"}}],\"inLanguage\":\"pt-BR\"},{\"@type\":\"Organization\",\"@id\":\"https:\\\/\\\/ludact.com\\\/#organization\",\"name\":\"Ludact\",\"url\":\"https:\\\/\\\/ludact.com\\\/\",\"logo\":{\"@type\":\"ImageObject\",\"inLanguage\":\"pt-BR\",\"@id\":\"https:\\\/\\\/ludact.com\\\/#\\\/schema\\\/logo\\\/image\\\/\",\"url\":\"https:\\\/\\\/ludact.com\\\/wp-content\\\/uploads\\\/sites\\\/7\\\/2021\\\/02\\\/350x100.jpg\",\"contentUrl\":\"https:\\\/\\\/ludact.com\\\/wp-content\\\/uploads\\\/sites\\\/7\\\/2021\\\/02\\\/350x100.jpg\",\"width\":350,\"height\":100,\"caption\":\"Ludact\"},\"image\":{\"@id\":\"https:\\\/\\\/ludact.com\\\/#\\\/schema\\\/logo\\\/image\\\/\"}}]}<\/script>\n<!-- \/ Yoast SEO plugin. -->","yoast_head_json":{"title":"ENERGIA EM JOGO - Ludact \u2022 Games as way to delight and impact","robots":{"index":"index","follow":"follow","max-snippet":"max-snippet:-1","max-image-preview":"max-image-preview:large","max-video-preview":"max-video-preview:-1"},"canonical":"https:\/\/ludact.com\/pt-br\/energia-em-jogo\/","og_locale":"pt_BR","og_type":"article","og_title":"ENERGIA EM JOGO - Ludact \u2022 Games as way to delight and impact","og_description":"EFICI\u00caNCIA ENERG\u00c9TICA ATRAV\u00c9S DE GAMES Cliente: CPFL e LaFabbrica | G\u00eanero: Cole\u00e7\u00e3o | Ano: 2019 UMA ABORDAGEM L\u00daDICA SOBRE SUSTENTABILIDADE CPFL nas Escolas \u2013 Energia em Jogo \u00e9 uma a\u00e7\u00e3o educativa realizada em escolas do estado de S\u00e3o Paulo que difunde uma cultura de efici\u00eancia energ\u00e9tica e desenvolvimento sustent\u00e1vel, promovendo a mudan\u00e7a de h\u00e1bitos de [&hellip;]","og_url":"https:\/\/ludact.com\/pt-br\/energia-em-jogo\/","og_site_name":"Ludact \u2022 Games as way to delight and impact","article_modified_time":"2022-05-09T20:37:58+00:00","og_image":[{"url":"https:\/\/ludact.com\/wp-content\/uploads\/sites\/7\/2021\/02\/50a04510-screen_1.jpg","type":"","width":"","height":""}],"twitter_card":"summary_large_image","twitter_misc":{"Est. tempo de leitura":"3 minutos"},"schema":{"@context":"https:\/\/schema.org","@graph":[{"@type":"WebPage","@id":"https:\/\/ludact.com\/pt-br\/energia-em-jogo\/","url":"https:\/\/ludact.com\/pt-br\/energia-em-jogo\/","name":"ENERGIA EM JOGO - Ludact \u2022 Games as way to delight and impact","isPartOf":{"@id":"https:\/\/ludact.com\/#website"},"primaryImageOfPage":{"@id":"https:\/\/ludact.com\/pt-br\/energia-em-jogo\/#primaryimage"},"image":{"@id":"https:\/\/ludact.com\/pt-br\/energia-em-jogo\/#primaryimage"},"thumbnailUrl":"https:\/\/ludact.com\/wp-content\/uploads\/sites\/7\/2021\/02\/50a04510-screen_1.jpg","datePublished":"2022-05-09T19:21:32+00:00","dateModified":"2022-05-09T20:37:58+00:00","breadcrumb":{"@id":"https:\/\/ludact.com\/pt-br\/energia-em-jogo\/#breadcrumb"},"inLanguage":"pt-BR","potentialAction":[{"@type":"ReadAction","target":["https:\/\/ludact.com\/pt-br\/energia-em-jogo\/"]}]},{"@type":"ImageObject","inLanguage":"pt-BR","@id":"https:\/\/ludact.com\/pt-br\/energia-em-jogo\/#primaryimage","url":"https:\/\/ludact.com\/wp-content\/uploads\/sites\/7\/2021\/02\/50a04510-screen_1.jpg","contentUrl":"https:\/\/ludact.com\/wp-content\/uploads\/sites\/7\/2021\/02\/50a04510-screen_1.jpg"},{"@type":"BreadcrumbList","@id":"https:\/\/ludact.com\/pt-br\/energia-em-jogo\/#breadcrumb","itemListElement":[{"@type":"ListItem","position":1,"name":"Home","item":"https:\/\/ludact.com\/pt-br\/"},{"@type":"ListItem","position":2,"name":"ENERGIA EM JOGO"}]},{"@type":"WebSite","@id":"https:\/\/ludact.com\/#website","url":"https:\/\/ludact.com\/","name":"Ludact \u2022 Games as way to delight and impact","description":"Ludact is a Brazilian full-service game development studio founded in 2005. We create games for learning, raise awareness and encourage change for players.","publisher":{"@id":"https:\/\/ludact.com\/#organization"},"potentialAction":[{"@type":"SearchAction","target":{"@type":"EntryPoint","urlTemplate":"https:\/\/ludact.com\/?s={search_term_string}"},"query-input":{"@type":"PropertyValueSpecification","valueRequired":true,"valueName":"search_term_string"}}],"inLanguage":"pt-BR"},{"@type":"Organization","@id":"https:\/\/ludact.com\/#organization","name":"Ludact","url":"https:\/\/ludact.com\/","logo":{"@type":"ImageObject","inLanguage":"pt-BR","@id":"https:\/\/ludact.com\/#\/schema\/logo\/image\/","url":"https:\/\/ludact.com\/wp-content\/uploads\/sites\/7\/2021\/02\/350x100.jpg","contentUrl":"https:\/\/ludact.com\/wp-content\/uploads\/sites\/7\/2021\/02\/350x100.jpg","width":350,"height":100,"caption":"Ludact"},"image":{"@id":"https:\/\/ludact.com\/#\/schema\/logo\/image\/"}}]}},"_links":{"self":[{"href":"https:\/\/ludact.com\/pt-br\/wp-json\/wp\/v2\/pages\/2490","targetHints":{"allow":["GET"]}}],"collection":[{"href":"https:\/\/ludact.com\/pt-br\/wp-json\/wp\/v2\/pages"}],"about":[{"href":"https:\/\/ludact.com\/pt-br\/wp-json\/wp\/v2\/types\/page"}],"author":[{"embeddable":true,"href":"https:\/\/ludact.com\/pt-br\/wp-json\/wp\/v2\/users\/3"}],"replies":[{"embeddable":true,"href":"https:\/\/ludact.com\/pt-br\/wp-json\/wp\/v2\/comments?post=2490"}],"version-history":[{"count":3,"href":"https:\/\/ludact.com\/pt-br\/wp-json\/wp\/v2\/pages\/2490\/revisions"}],"predecessor-version":[{"id":2506,"href":"https:\/\/ludact.com\/pt-br\/wp-json\/wp\/v2\/pages\/2490\/revisions\/2506"}],"wp:attachment":[{"href":"https:\/\/ludact.com\/pt-br\/wp-json\/wp\/v2\/media?parent=2490"}],"curies":[{"name":"wp","href":"https:\/\/api.w.org\/{rel}","templated":true}]}}