{"id":2488,"date":"2022-05-09T19:14:27","date_gmt":"2022-05-09T19:14:27","guid":{"rendered":"https:\/\/ludact.com\/editora-do-brasil\/"},"modified":"2022-07-28T18:35:06","modified_gmt":"2022-07-28T18:35:06","slug":"editora-do-brasil","status":"publish","type":"page","link":"https:\/\/ludact.com\/pt-br\/editora-do-brasil\/","title":{"rendered":"EDITORA DO BRASIL"},"content":{"rendered":"\t\t<div data-elementor-type=\"wp-page\" data-elementor-id=\"2488\" class=\"elementor elementor-2488 elementor-2364\" data-elementor-post-type=\"page\">\n\t\t\t\t\t\t<section class=\"elementor-section elementor-top-section elementor-element elementor-element-1b14055 elementor-section-full_width elementor-section-height-default elementor-section-height-default\" data-id=\"1b14055\" data-element_type=\"section\" data-e-type=\"section\" data-settings=\"{&quot;background_background&quot;:&quot;classic&quot;}\">\n\t\t\t\t\t\t<div class=\"elementor-container elementor-column-gap-default\">\n\t\t\t\t\t<div class=\"elementor-column elementor-col-100 elementor-top-column elementor-element elementor-element-4e3967c\" data-id=\"4e3967c\" data-element_type=\"column\" data-e-type=\"column\">\n\t\t\t<div class=\"elementor-widget-wrap\">\n\t\t\t\t\t\t\t<\/div>\n\t\t<\/div>\n\t\t\t\t\t<\/div>\n\t\t<\/section>\n\t\t\t\t<section class=\"elementor-section elementor-top-section elementor-element elementor-element-97ec406 elementor-section-full_width elementor-section-height-default elementor-section-height-default\" data-id=\"97ec406\" data-element_type=\"section\" data-e-type=\"section\" data-settings=\"{&quot;background_background&quot;:&quot;classic&quot;}\">\n\t\t\t\t\t\t<div class=\"elementor-container elementor-column-gap-default\">\n\t\t\t\t\t<div class=\"elementor-column elementor-col-100 elementor-top-column elementor-element elementor-element-ff1c88b\" data-id=\"ff1c88b\" data-element_type=\"column\" data-e-type=\"column\">\n\t\t\t<div class=\"elementor-widget-wrap elementor-element-populated\">\n\t\t\t\t\t\t<div class=\"elementor-element elementor-element-3f2f170 elementor-widget elementor-widget-heading\" data-id=\"3f2f170\" data-element_type=\"widget\" data-e-type=\"widget\" data-widget_type=\"heading.default\">\n\t\t\t\t<div class=\"elementor-widget-container\">\n\t\t\t\t\t<h2 class=\"elementor-heading-title elementor-size-default\">MINI GAMES PARA EDUCA\u00c7\u00c3O<\/h2>\t\t\t\t<\/div>\n\t\t\t\t<\/div>\n\t\t\t\t\t<\/div>\n\t\t<\/div>\n\t\t\t\t\t<\/div>\n\t\t<\/section>\n\t\t\t\t<section class=\"elementor-section elementor-top-section elementor-element elementor-element-9fd48e0 elementor-section-boxed elementor-section-height-default elementor-section-height-default\" data-id=\"9fd48e0\" data-element_type=\"section\" data-e-type=\"section\" data-settings=\"{&quot;background_background&quot;:&quot;classic&quot;}\">\n\t\t\t\t\t\t<div class=\"elementor-container elementor-column-gap-default\">\n\t\t\t\t\t<div class=\"elementor-column elementor-col-50 elementor-top-column elementor-element elementor-element-9570036\" data-id=\"9570036\" data-element_type=\"column\" data-e-type=\"column\">\n\t\t\t<div class=\"elementor-widget-wrap elementor-element-populated\">\n\t\t\t\t\t\t<div class=\"elementor-element elementor-element-4d1650f elementor-widget elementor-widget-video\" data-id=\"4d1650f\" data-element_type=\"widget\" data-e-type=\"widget\" data-settings=\"{&quot;youtube_url&quot;:&quot;https:\\\/\\\/youtu.be\\\/LyY_5E8Tazg&quot;,&quot;video_type&quot;:&quot;youtube&quot;,&quot;controls&quot;:&quot;yes&quot;}\" data-widget_type=\"video.default\">\n\t\t\t\t<div class=\"elementor-widget-container\">\n\t\t\t\t\t\t\t<div class=\"elementor-wrapper elementor-open-inline\">\n\t\t\t<div class=\"elementor-video\"><\/div>\t\t<\/div>\n\t\t\t\t\t\t<\/div>\n\t\t\t\t<\/div>\n\t\t\t\t<div class=\"elementor-element elementor-element-a46944f elementor-widget elementor-widget-heading\" data-id=\"a46944f\" data-element_type=\"widget\" data-e-type=\"widget\" data-widget_type=\"heading.default\">\n\t\t\t\t<div class=\"elementor-widget-container\">\n\t\t\t\t\t<h2 class=\"elementor-heading-title elementor-size-default\">Cliente: Editora do Brasil | G\u00eanero: Cole\u00e7\u00e3o | Ano: 2020\/2021<\/h2>\t\t\t\t<\/div>\n\t\t\t\t<\/div>\n\t\t\t\t\t<\/div>\n\t\t<\/div>\n\t\t\t\t<div class=\"elementor-column elementor-col-50 elementor-top-column elementor-element elementor-element-346ce86\" data-id=\"346ce86\" data-element_type=\"column\" data-e-type=\"column\">\n\t\t\t<div class=\"elementor-widget-wrap elementor-element-populated\">\n\t\t\t\t\t\t<div class=\"elementor-element elementor-element-c549f0d elementor-widget elementor-widget-heading\" data-id=\"c549f0d\" data-element_type=\"widget\" data-e-type=\"widget\" data-widget_type=\"heading.default\">\n\t\t\t\t<div class=\"elementor-widget-container\">\n\t\t\t\t\t<h2 class=\"elementor-heading-title elementor-size-default\">COLE\u00c7\u00d5ES PARA LIVROS DID\u00c1TICOS<\/h2>\t\t\t\t<\/div>\n\t\t\t\t<\/div>\n\t\t\t\t<div class=\"elementor-element elementor-element-82b4058 elementor-widget elementor-widget-text-editor\" data-id=\"82b4058\" data-element_type=\"widget\" data-e-type=\"widget\" data-widget_type=\"text-editor.default\">\n\t\t\t\t<div class=\"elementor-widget-container\">\n\t\t\t\t\t\t\t\t\t<p><span data-sheets-value=\"{&quot;1&quot;:2,&quot;2&quot;:&quot;O prop\u00f3sito desses jogos \u00e9 compor o conte\u00fado did\u00e1tico digital da Editora do Brasil, enquanto traz mais interatividade e divers\u00e3o para o p\u00fablico infantil. Permitindo um di\u00e1logo com os materiais impressos, abordando mat\u00e9rias como matem\u00e1tica, ingl\u00eas, racioc\u00ednio l\u00f3gico e educa\u00e7\u00e3o financeira.\\n\\nConstru\u00edmos mais de 40 jogos entre os anos de 2020 e 2021.&quot;}\" data-sheets-userformat=\"{&quot;2&quot;:13247,&quot;3&quot;:{&quot;1&quot;:0},&quot;4&quot;:{&quot;1&quot;:2,&quot;2&quot;:15724527},&quot;5&quot;:{&quot;1&quot;:[{&quot;1&quot;:2,&quot;2&quot;:0,&quot;5&quot;:{&quot;1&quot;:2,&quot;2&quot;:16777215}},{&quot;1&quot;:0,&quot;2&quot;:0,&quot;3&quot;:3},{&quot;1&quot;:1,&quot;2&quot;:0,&quot;4&quot;:1}]},&quot;6&quot;:{&quot;1&quot;:[{&quot;1&quot;:2,&quot;2&quot;:0,&quot;5&quot;:{&quot;1&quot;:2,&quot;2&quot;:16777215}},{&quot;1&quot;:0,&quot;2&quot;:0,&quot;3&quot;:3},{&quot;1&quot;:1,&quot;2&quot;:0,&quot;4&quot;:1}]},&quot;7&quot;:{&quot;1&quot;:[{&quot;1&quot;:2,&quot;2&quot;:0,&quot;5&quot;:{&quot;1&quot;:2,&quot;2&quot;:16777215}},{&quot;1&quot;:0,&quot;2&quot;:0,&quot;3&quot;:3},{&quot;1&quot;:1,&quot;2&quot;:0,&quot;4&quot;:1}]},&quot;8&quot;:{&quot;1&quot;:[{&quot;1&quot;:2,&quot;2&quot;:0,&quot;5&quot;:{&quot;1&quot;:2,&quot;2&quot;:16777215}},{&quot;1&quot;:0,&quot;2&quot;:0,&quot;3&quot;:3},{&quot;1&quot;:1,&quot;2&quot;:0,&quot;4&quot;:1}]},&quot;10&quot;:1,&quot;11&quot;:4,&quot;12&quot;:0,&quot;15&quot;:&quot;Lato&quot;,&quot;16&quot;:12}\">O prop\u00f3sito desses jogos \u00e9 compor o conte\u00fado did\u00e1tico digital da Editora do Brasil, enquanto traz mais interatividade e divers\u00e3o para o p\u00fablico infantil. Permitindo um di\u00e1logo com os materiais impressos, abordando mat\u00e9rias como matem\u00e1tica, ingl\u00eas, racioc\u00ednio l\u00f3gico e educa\u00e7\u00e3o financeira.<br \/><br \/>Constru\u00edmos mais de 40 jogos entre os anos de 2020 e 2021.<\/span><\/p>\t\t\t\t\t\t\t\t<\/div>\n\t\t\t\t<\/div>\n\t\t\t\t<div class=\"elementor-element elementor-element-a4457bd elementor-align-left elementor-mobile-align-center elementor-tablet-align-left elementor-hidden-desktop elementor-hidden-tablet elementor-hidden-mobile elementor-widget elementor-widget-button\" data-id=\"a4457bd\" data-element_type=\"widget\" data-e-type=\"widget\" data-widget_type=\"button.default\">\n\t\t\t\t<div class=\"elementor-widget-container\">\n\t\t\t\t\t\t\t\t\t<div class=\"elementor-button-wrapper\">\n\t\t\t\t\t<a class=\"elementor-button elementor-button-link elementor-size-lg\" href=\"#\">\n\t\t\t\t\t\t<span class=\"elementor-button-content-wrapper\">\n\t\t\t\t\t\t\t\t\t<span class=\"elementor-button-text\">PLAY THE GAME<\/span>\n\t\t\t\t\t<\/span>\n\t\t\t\t\t<\/a>\n\t\t\t\t<\/div>\n\t\t\t\t\t\t\t\t<\/div>\n\t\t\t\t<\/div>\n\t\t\t\t\t<\/div>\n\t\t<\/div>\n\t\t\t\t\t<\/div>\n\t\t<\/section>\n\t\t\t\t<section class=\"elementor-section elementor-top-section elementor-element elementor-element-0041055 elementor-section-full_width elementor-section-height-default elementor-section-height-default\" data-id=\"0041055\" data-element_type=\"section\" data-e-type=\"section\" data-settings=\"{&quot;background_background&quot;:&quot;classic&quot;}\">\n\t\t\t\t\t\t<div class=\"elementor-container elementor-column-gap-default\">\n\t\t\t\t\t<div class=\"elementor-column elementor-col-100 elementor-top-column elementor-element elementor-element-f564214\" data-id=\"f564214\" data-element_type=\"column\" data-e-type=\"column\">\n\t\t\t<div class=\"elementor-widget-wrap elementor-element-populated\">\n\t\t\t\t\t\t<div class=\"elementor-element elementor-element-56043f5 elementor-arrows-position-inside elementor-widget elementor-widget-image-carousel\" data-id=\"56043f5\" data-element_type=\"widget\" data-e-type=\"widget\" data-settings=\"{&quot;slides_to_show&quot;:&quot;3&quot;,&quot;slides_to_scroll&quot;:&quot;3&quot;,&quot;navigation&quot;:&quot;arrows&quot;,&quot;autoplay&quot;:&quot;yes&quot;,&quot;pause_on_hover&quot;:&quot;yes&quot;,&quot;pause_on_interaction&quot;:&quot;yes&quot;,&quot;autoplay_speed&quot;:5000,&quot;infinite&quot;:&quot;yes&quot;,&quot;speed&quot;:500}\" data-widget_type=\"image-carousel.default\">\n\t\t\t\t<div class=\"elementor-widget-container\">\n\t\t\t\t\t\t\t<div class=\"elementor-image-carousel-wrapper swiper\" role=\"region\" aria-roledescription=\"carousel\" aria-label=\"Carrossel de imagens\" dir=\"ltr\">\n\t\t\t<div class=\"elementor-image-carousel swiper-wrapper\" aria-live=\"off\">\n\t\t\t\t\t\t\t\t<div class=\"swiper-slide\" role=\"group\" aria-roledescription=\"slide\" aria-label=\"1 de 11\"><figure class=\"swiper-slide-inner\"><img decoding=\"async\" class=\"swiper-slide-image\" src=\"https:\/\/ludact.com\/wp-content\/uploads\/sites\/7\/2022\/05\/SalveoPlaneta.png\" alt=\"SalveoPlaneta\" \/><\/figure><\/div><div class=\"swiper-slide\" role=\"group\" aria-roledescription=\"slide\" aria-label=\"2 de 11\"><figure class=\"swiper-slide-inner\"><img decoding=\"async\" class=\"swiper-slide-image\" src=\"https:\/\/ludact.com\/wp-content\/uploads\/sites\/7\/2022\/05\/Batalha.png\" alt=\"Batalha\" \/><\/figure><\/div><div class=\"swiper-slide\" role=\"group\" aria-roledescription=\"slide\" aria-label=\"3 de 11\"><figure class=\"swiper-slide-inner\"><img decoding=\"async\" class=\"swiper-slide-image\" src=\"https:\/\/ludact.com\/wp-content\/uploads\/sites\/7\/2022\/05\/FranquesteinAcordar.png\" alt=\"FranquesteinAcordar\" \/><\/figure><\/div><div class=\"swiper-slide\" role=\"group\" aria-roledescription=\"slide\" aria-label=\"4 de 11\"><figure class=\"swiper-slide-inner\"><img decoding=\"async\" class=\"swiper-slide-image\" src=\"https:\/\/ludact.com\/wp-content\/uploads\/sites\/7\/2022\/05\/SpaceInvaders_2.png\" alt=\"SpaceInvaders_2\" \/><\/figure><\/div><div class=\"swiper-slide\" role=\"group\" aria-roledescription=\"slide\" aria-label=\"5 de 11\"><figure class=\"swiper-slide-inner\"><img decoding=\"async\" class=\"swiper-slide-image\" src=\"https:\/\/ludact.com\/wp-content\/uploads\/sites\/7\/2022\/05\/Fotografia_2.png\" alt=\"Fotografia_2\" \/><\/figure><\/div><div class=\"swiper-slide\" role=\"group\" aria-roledescription=\"slide\" aria-label=\"6 de 11\"><figure class=\"swiper-slide-inner\"><img decoding=\"async\" class=\"swiper-slide-image\" src=\"https:\/\/ludact.com\/wp-content\/uploads\/sites\/7\/2022\/05\/Trocas.png\" alt=\"Trocas\" \/><\/figure><\/div><div class=\"swiper-slide\" role=\"group\" aria-roledescription=\"slide\" aria-label=\"7 de 11\"><figure class=\"swiper-slide-inner\"><img decoding=\"async\" class=\"swiper-slide-image\" src=\"https:\/\/ludact.com\/wp-content\/uploads\/sites\/7\/2022\/05\/Canhao.png\" alt=\"Canhao\" \/><\/figure><\/div><div class=\"swiper-slide\" role=\"group\" aria-roledescription=\"slide\" aria-label=\"8 de 11\"><figure class=\"swiper-slide-inner\"><img decoding=\"async\" class=\"swiper-slide-image\" src=\"https:\/\/ludact.com\/wp-content\/uploads\/sites\/7\/2022\/05\/Foguete.png\" alt=\"Foguete\" \/><\/figure><\/div><div class=\"swiper-slide\" role=\"group\" aria-roledescription=\"slide\" aria-label=\"9 de 11\"><figure class=\"swiper-slide-inner\"><img decoding=\"async\" class=\"swiper-slide-image\" src=\"https:\/\/ludact.com\/wp-content\/uploads\/sites\/7\/2022\/05\/CompreCorreto_2.png\" alt=\"CompreCorreto_2\" \/><\/figure><\/div><div class=\"swiper-slide\" role=\"group\" aria-roledescription=\"slide\" aria-label=\"10 de 11\"><figure class=\"swiper-slide-inner\"><img decoding=\"async\" class=\"swiper-slide-image\" src=\"https:\/\/ludact.com\/wp-content\/uploads\/sites\/7\/2022\/05\/Zumbis.png\" alt=\"Zumbis\" \/><\/figure><\/div><div class=\"swiper-slide\" role=\"group\" aria-roledescription=\"slide\" aria-label=\"11 de 11\"><figure class=\"swiper-slide-inner\"><img decoding=\"async\" class=\"swiper-slide-image\" src=\"https:\/\/ludact.com\/wp-content\/uploads\/sites\/7\/2022\/05\/Pergunta.png\" alt=\"Pergunta\" \/><\/figure><\/div>\t\t\t<\/div>\n\t\t\t\t\t\t\t\t\t\t\t\t<div class=\"elementor-swiper-button elementor-swiper-button-prev\" role=\"button\" tabindex=\"0\">\n\t\t\t\t\t\t<i aria-hidden=\"true\" class=\"eicon-chevron-left\"><\/i>\t\t\t\t\t<\/div>\n\t\t\t\t\t<div class=\"elementor-swiper-button elementor-swiper-button-next\" role=\"button\" tabindex=\"0\">\n\t\t\t\t\t\t<i aria-hidden=\"true\" class=\"eicon-chevron-right\"><\/i>\t\t\t\t\t<\/div>\n\t\t\t\t\n\t\t\t\t\t\t\t\t\t<\/div>\n\t\t\t\t\t\t<\/div>\n\t\t\t\t<\/div>\n\t\t\t\t\t<\/div>\n\t\t<\/div>\n\t\t\t\t\t<\/div>\n\t\t<\/section>\n\t\t\t\t<section class=\"elementor-section elementor-top-section elementor-element elementor-element-c11f991 elementor-section-boxed elementor-section-height-default elementor-section-height-default\" data-id=\"c11f991\" data-element_type=\"section\" data-e-type=\"section\">\n\t\t\t\t\t\t<div class=\"elementor-container elementor-column-gap-default\">\n\t\t\t\t\t<div class=\"elementor-column elementor-col-100 elementor-top-column elementor-element elementor-element-f40a27d\" data-id=\"f40a27d\" data-element_type=\"column\" data-e-type=\"column\">\n\t\t\t<div class=\"elementor-widget-wrap\">\n\t\t\t\t\t\t\t<\/div>\n\t\t<\/div>\n\t\t\t\t\t<\/div>\n\t\t<\/section>\n\t\t\t\t<\/div>\n\t\t","protected":false},"excerpt":{"rendered":"<p>MINI GAMES PARA EDUCA\u00c7\u00c3O Cliente: Editora do Brasil | G\u00eanero: Cole\u00e7\u00e3o | Ano: 2020\/2021 COLE\u00c7\u00d5ES PARA LIVROS DID\u00c1TICOS O prop\u00f3sito desses jogos \u00e9 compor o conte\u00fado did\u00e1tico digital da Editora do Brasil, enquanto traz mais interatividade e divers\u00e3o para o p\u00fablico infantil. Permitindo um di\u00e1logo com os materiais impressos, abordando mat\u00e9rias como matem\u00e1tica, ingl\u00eas, racioc\u00ednio [&hellip;]<\/p>\n","protected":false},"author":3,"featured_media":0,"parent":0,"menu_order":0,"comment_status":"closed","ping_status":"closed","template":"elementor_header_footer","meta":{"footnotes":""},"class_list":["post-2488","page","type-page","status-publish","hentry"],"yoast_head":"<!-- This site is optimized with the Yoast SEO plugin v27.5 - https:\/\/yoast.com\/product\/yoast-seo-wordpress\/ -->\n<title>EDITORA DO BRASIL - Ludact \u2022 Games as way to delight and impact<\/title>\n<meta name=\"robots\" content=\"index, follow, max-snippet:-1, max-image-preview:large, max-video-preview:-1\" \/>\n<link rel=\"canonical\" href=\"https:\/\/ludact.com\/pt-br\/editora-do-brasil\/\" \/>\n<meta property=\"og:locale\" content=\"pt_BR\" \/>\n<meta property=\"og:type\" content=\"article\" \/>\n<meta property=\"og:title\" content=\"EDITORA DO BRASIL - Ludact \u2022 Games as way to delight and impact\" \/>\n<meta property=\"og:description\" content=\"MINI GAMES PARA EDUCA\u00c7\u00c3O Cliente: Editora do Brasil | G\u00eanero: Cole\u00e7\u00e3o | Ano: 2020\/2021 COLE\u00c7\u00d5ES PARA LIVROS DID\u00c1TICOS O prop\u00f3sito desses jogos \u00e9 compor o conte\u00fado did\u00e1tico digital da Editora do Brasil, enquanto traz mais interatividade e divers\u00e3o para o p\u00fablico infantil. Permitindo um di\u00e1logo com os materiais impressos, abordando mat\u00e9rias como matem\u00e1tica, ingl\u00eas, racioc\u00ednio [&hellip;]\" \/>\n<meta property=\"og:url\" content=\"https:\/\/ludact.com\/pt-br\/editora-do-brasil\/\" \/>\n<meta property=\"og:site_name\" content=\"Ludact \u2022 Games as way to delight and impact\" \/>\n<meta property=\"article:modified_time\" content=\"2022-07-28T18:35:06+00:00\" \/>\n<meta property=\"og:image\" content=\"https:\/\/ludact.com\/wp-content\/uploads\/sites\/7\/2022\/05\/SalveoPlaneta.png\" \/>\n<meta name=\"twitter:card\" content=\"summary_large_image\" \/>\n<meta name=\"twitter:label1\" content=\"Est. tempo de leitura\" \/>\n\t<meta name=\"twitter:data1\" content=\"4 minutos\" \/>\n<script type=\"application\/ld+json\" class=\"yoast-schema-graph\">{\"@context\":\"https:\\\/\\\/schema.org\",\"@graph\":[{\"@type\":\"WebPage\",\"@id\":\"https:\\\/\\\/ludact.com\\\/pt-br\\\/editora-do-brasil\\\/\",\"url\":\"https:\\\/\\\/ludact.com\\\/pt-br\\\/editora-do-brasil\\\/\",\"name\":\"EDITORA DO BRASIL - Ludact \u2022 Games as way to delight and impact\",\"isPartOf\":{\"@id\":\"https:\\\/\\\/ludact.com\\\/#website\"},\"primaryImageOfPage\":{\"@id\":\"https:\\\/\\\/ludact.com\\\/pt-br\\\/editora-do-brasil\\\/#primaryimage\"},\"image\":{\"@id\":\"https:\\\/\\\/ludact.com\\\/pt-br\\\/editora-do-brasil\\\/#primaryimage\"},\"thumbnailUrl\":\"https:\\\/\\\/ludact.com\\\/wp-content\\\/uploads\\\/sites\\\/7\\\/2022\\\/05\\\/SalveoPlaneta.png\",\"datePublished\":\"2022-05-09T19:14:27+00:00\",\"dateModified\":\"2022-07-28T18:35:06+00:00\",\"breadcrumb\":{\"@id\":\"https:\\\/\\\/ludact.com\\\/pt-br\\\/editora-do-brasil\\\/#breadcrumb\"},\"inLanguage\":\"pt-BR\",\"potentialAction\":[{\"@type\":\"ReadAction\",\"target\":[\"https:\\\/\\\/ludact.com\\\/pt-br\\\/editora-do-brasil\\\/\"]}]},{\"@type\":\"ImageObject\",\"inLanguage\":\"pt-BR\",\"@id\":\"https:\\\/\\\/ludact.com\\\/pt-br\\\/editora-do-brasil\\\/#primaryimage\",\"url\":\"https:\\\/\\\/ludact.com\\\/wp-content\\\/uploads\\\/sites\\\/7\\\/2022\\\/05\\\/SalveoPlaneta.png\",\"contentUrl\":\"https:\\\/\\\/ludact.com\\\/wp-content\\\/uploads\\\/sites\\\/7\\\/2022\\\/05\\\/SalveoPlaneta.png\"},{\"@type\":\"BreadcrumbList\",\"@id\":\"https:\\\/\\\/ludact.com\\\/pt-br\\\/editora-do-brasil\\\/#breadcrumb\",\"itemListElement\":[{\"@type\":\"ListItem\",\"position\":1,\"name\":\"Home\",\"item\":\"https:\\\/\\\/ludact.com\\\/pt-br\\\/\"},{\"@type\":\"ListItem\",\"position\":2,\"name\":\"EDITORA DO BRASIL\"}]},{\"@type\":\"WebSite\",\"@id\":\"https:\\\/\\\/ludact.com\\\/#website\",\"url\":\"https:\\\/\\\/ludact.com\\\/\",\"name\":\"Ludact \u2022 Games as way to delight and impact\",\"description\":\"Ludact is a Brazilian full-service game development studio founded in 2005. We create games for learning, raise awareness and encourage change for players.\",\"publisher\":{\"@id\":\"https:\\\/\\\/ludact.com\\\/#organization\"},\"potentialAction\":[{\"@type\":\"SearchAction\",\"target\":{\"@type\":\"EntryPoint\",\"urlTemplate\":\"https:\\\/\\\/ludact.com\\\/?s={search_term_string}\"},\"query-input\":{\"@type\":\"PropertyValueSpecification\",\"valueRequired\":true,\"valueName\":\"search_term_string\"}}],\"inLanguage\":\"pt-BR\"},{\"@type\":\"Organization\",\"@id\":\"https:\\\/\\\/ludact.com\\\/#organization\",\"name\":\"Ludact\",\"url\":\"https:\\\/\\\/ludact.com\\\/\",\"logo\":{\"@type\":\"ImageObject\",\"inLanguage\":\"pt-BR\",\"@id\":\"https:\\\/\\\/ludact.com\\\/#\\\/schema\\\/logo\\\/image\\\/\",\"url\":\"https:\\\/\\\/ludact.com\\\/wp-content\\\/uploads\\\/sites\\\/7\\\/2021\\\/02\\\/350x100.jpg\",\"contentUrl\":\"https:\\\/\\\/ludact.com\\\/wp-content\\\/uploads\\\/sites\\\/7\\\/2021\\\/02\\\/350x100.jpg\",\"width\":350,\"height\":100,\"caption\":\"Ludact\"},\"image\":{\"@id\":\"https:\\\/\\\/ludact.com\\\/#\\\/schema\\\/logo\\\/image\\\/\"}}]}<\/script>\n<!-- \/ Yoast SEO plugin. -->","yoast_head_json":{"title":"EDITORA DO BRASIL - Ludact \u2022 Games as way to delight and impact","robots":{"index":"index","follow":"follow","max-snippet":"max-snippet:-1","max-image-preview":"max-image-preview:large","max-video-preview":"max-video-preview:-1"},"canonical":"https:\/\/ludact.com\/pt-br\/editora-do-brasil\/","og_locale":"pt_BR","og_type":"article","og_title":"EDITORA DO BRASIL - Ludact \u2022 Games as way to delight and impact","og_description":"MINI GAMES PARA EDUCA\u00c7\u00c3O Cliente: Editora do Brasil | G\u00eanero: Cole\u00e7\u00e3o | Ano: 2020\/2021 COLE\u00c7\u00d5ES PARA LIVROS DID\u00c1TICOS O prop\u00f3sito desses jogos \u00e9 compor o conte\u00fado did\u00e1tico digital da Editora do Brasil, enquanto traz mais interatividade e divers\u00e3o para o p\u00fablico infantil. Permitindo um di\u00e1logo com os materiais impressos, abordando mat\u00e9rias como matem\u00e1tica, ingl\u00eas, racioc\u00ednio [&hellip;]","og_url":"https:\/\/ludact.com\/pt-br\/editora-do-brasil\/","og_site_name":"Ludact \u2022 Games as way to delight and impact","article_modified_time":"2022-07-28T18:35:06+00:00","og_image":[{"url":"https:\/\/ludact.com\/wp-content\/uploads\/sites\/7\/2022\/05\/SalveoPlaneta.png","type":"","width":"","height":""}],"twitter_card":"summary_large_image","twitter_misc":{"Est. tempo de leitura":"4 minutos"},"schema":{"@context":"https:\/\/schema.org","@graph":[{"@type":"WebPage","@id":"https:\/\/ludact.com\/pt-br\/editora-do-brasil\/","url":"https:\/\/ludact.com\/pt-br\/editora-do-brasil\/","name":"EDITORA DO BRASIL - Ludact \u2022 Games as way to delight and impact","isPartOf":{"@id":"https:\/\/ludact.com\/#website"},"primaryImageOfPage":{"@id":"https:\/\/ludact.com\/pt-br\/editora-do-brasil\/#primaryimage"},"image":{"@id":"https:\/\/ludact.com\/pt-br\/editora-do-brasil\/#primaryimage"},"thumbnailUrl":"https:\/\/ludact.com\/wp-content\/uploads\/sites\/7\/2022\/05\/SalveoPlaneta.png","datePublished":"2022-05-09T19:14:27+00:00","dateModified":"2022-07-28T18:35:06+00:00","breadcrumb":{"@id":"https:\/\/ludact.com\/pt-br\/editora-do-brasil\/#breadcrumb"},"inLanguage":"pt-BR","potentialAction":[{"@type":"ReadAction","target":["https:\/\/ludact.com\/pt-br\/editora-do-brasil\/"]}]},{"@type":"ImageObject","inLanguage":"pt-BR","@id":"https:\/\/ludact.com\/pt-br\/editora-do-brasil\/#primaryimage","url":"https:\/\/ludact.com\/wp-content\/uploads\/sites\/7\/2022\/05\/SalveoPlaneta.png","contentUrl":"https:\/\/ludact.com\/wp-content\/uploads\/sites\/7\/2022\/05\/SalveoPlaneta.png"},{"@type":"BreadcrumbList","@id":"https:\/\/ludact.com\/pt-br\/editora-do-brasil\/#breadcrumb","itemListElement":[{"@type":"ListItem","position":1,"name":"Home","item":"https:\/\/ludact.com\/pt-br\/"},{"@type":"ListItem","position":2,"name":"EDITORA DO BRASIL"}]},{"@type":"WebSite","@id":"https:\/\/ludact.com\/#website","url":"https:\/\/ludact.com\/","name":"Ludact \u2022 Games as way to delight and impact","description":"Ludact is a Brazilian full-service game development studio founded in 2005. We create games for learning, raise awareness and encourage change for players.","publisher":{"@id":"https:\/\/ludact.com\/#organization"},"potentialAction":[{"@type":"SearchAction","target":{"@type":"EntryPoint","urlTemplate":"https:\/\/ludact.com\/?s={search_term_string}"},"query-input":{"@type":"PropertyValueSpecification","valueRequired":true,"valueName":"search_term_string"}}],"inLanguage":"pt-BR"},{"@type":"Organization","@id":"https:\/\/ludact.com\/#organization","name":"Ludact","url":"https:\/\/ludact.com\/","logo":{"@type":"ImageObject","inLanguage":"pt-BR","@id":"https:\/\/ludact.com\/#\/schema\/logo\/image\/","url":"https:\/\/ludact.com\/wp-content\/uploads\/sites\/7\/2021\/02\/350x100.jpg","contentUrl":"https:\/\/ludact.com\/wp-content\/uploads\/sites\/7\/2021\/02\/350x100.jpg","width":350,"height":100,"caption":"Ludact"},"image":{"@id":"https:\/\/ludact.com\/#\/schema\/logo\/image\/"}}]}},"_links":{"self":[{"href":"https:\/\/ludact.com\/pt-br\/wp-json\/wp\/v2\/pages\/2488","targetHints":{"allow":["GET"]}}],"collection":[{"href":"https:\/\/ludact.com\/pt-br\/wp-json\/wp\/v2\/pages"}],"about":[{"href":"https:\/\/ludact.com\/pt-br\/wp-json\/wp\/v2\/types\/page"}],"author":[{"embeddable":true,"href":"https:\/\/ludact.com\/pt-br\/wp-json\/wp\/v2\/users\/3"}],"replies":[{"embeddable":true,"href":"https:\/\/ludact.com\/pt-br\/wp-json\/wp\/v2\/comments?post=2488"}],"version-history":[{"count":6,"href":"https:\/\/ludact.com\/pt-br\/wp-json\/wp\/v2\/pages\/2488\/revisions"}],"predecessor-version":[{"id":4176,"href":"https:\/\/ludact.com\/pt-br\/wp-json\/wp\/v2\/pages\/2488\/revisions\/4176"}],"wp:attachment":[{"href":"https:\/\/ludact.com\/pt-br\/wp-json\/wp\/v2\/media?parent=2488"}],"curies":[{"name":"wp","href":"https:\/\/api.w.org\/{rel}","templated":true}]}}